{"id":11148,"date":"2025-03-02T21:55:19","date_gmt":"2025-03-02T21:55:19","guid":{"rendered":"https:\/\/uaecoexistence.ai\/documentacion\/"},"modified":"2025-03-05T22:57:27","modified_gmt":"2025-03-05T22:57:27","slug":"documentacion","status":"publish","type":"page","link":"https:\/\/uaecoexistence.ai\/?page_id=11148&lang=es","title":{"rendered":"Documentaci\u00f3n"},"content":{"rendered":"\t\t<div data-elementor-type=\"wp-page\" data-elementor-id=\"11148\" class=\"elementor elementor-11148 elementor-8759\">\n\t\t\t\t<div class=\"elementor-element elementor-element-54d0eac e-flex e-con-boxed e-con e-parent\" data-id=\"54d0eac\" data-element_type=\"container\" data-e-type=\"container\" data-settings=\"{&quot;wcf_enable_cursor_hover_effect_text&quot;:&quot;View&quot;,&quot;wcf-animation&quot;:&quot;none&quot;}\">\n\t\t\t\t\t<div class=\"e-con-inner\">\n\t\t<div class=\"elementor-element elementor-element-36c7f7c e-con-full e-flex e-con e-child\" data-id=\"36c7f7c\" data-element_type=\"container\" data-e-type=\"container\" data-settings=\"{&quot;wcf_enable_cursor_hover_effect_text&quot;:&quot;View&quot;,&quot;wcf-animation&quot;:&quot;none&quot;}\">\n\t\t\t\t<div class=\"elementor-element elementor-element-dc8e317 elementor-widget__width-initial elementor-widget-mobile__width-inherit elementor-widget-mobile_extra__width-initial elementor-widget elementor-widget-wcf--button\" data-id=\"dc8e317\" data-element_type=\"widget\" data-e-type=\"widget\" data-settings=\"{&quot;wcf-animation&quot;:&quot;fade&quot;,&quot;data-duration&quot;:0.75,&quot;fade-offset&quot;:40,&quot;delay&quot;:0.15,&quot;on-scroll&quot;:1,&quot;fade-from&quot;:&quot;bottom&quot;,&quot;ease&quot;:&quot;power2.out&quot;}\" data-widget_type=\"wcf--button.default\">\n\t\t\t\t<div class=\"elementor-widget-container\">\n\t\t\t\t\t        <div class=\"wcf__btn icon-position-after\">\r\n\t\t\t                <a href=\"#\" class=\"wcf-btn-default btn-hover-none\">\r\n\t\t\t\t\t<svg xmlns=\"http:\/\/www.w3.org\/2000\/svg\" width=\"14\" height=\"14\" viewBox=\"0 0 14 14\"><path d=\"M3.49146 0.25V1.5876H11.53L0.9375 12.683L1.83777 13.626L12.4303 2.53061V10.9508H13.7073V0.25H3.49146Z\"><\/path><\/svg>\t\t\t\t\tBuilding outstanding developing Change                <\/a>\r\n\t\t\t\t        <\/div>\r\n\t\t\t\t\t\t<\/div>\n\t\t\t\t<\/div>\n\t\t\t\t<\/div>\n\t\t<div class=\"elementor-element elementor-element-d0cbae7 e-con-full e-flex e-con e-child\" data-id=\"d0cbae7\" data-element_type=\"container\" data-e-type=\"container\" data-settings=\"{&quot;wcf_enable_cursor_hover_effect_text&quot;:&quot;View&quot;,&quot;wcf-animation&quot;:&quot;none&quot;}\">\n\t\t\t\t<div class=\"elementor-element elementor-element-2858490 wcf-t-animation-text_move elementor-widget elementor-widget-heading\" data-id=\"2858490\" data-element_type=\"widget\" data-e-type=\"widget\" data-settings=\"{&quot;wcf_text_animation&quot;:&quot;text_move&quot;,&quot;text_transform_origin&quot;:&quot;top center -50&quot;,&quot;text_delay&quot;:0.15,&quot;text_duration&quot;:1,&quot;text_stagger&quot;:0.02,&quot;text_on_scroll&quot;:&quot;yes&quot;,&quot;text_rotation_di&quot;:&quot;x&quot;,&quot;text_rotation&quot;:&quot;-80&quot;,&quot;wcf-animation&quot;:&quot;none&quot;}\" data-widget_type=\"heading.default\">\n\t\t\t\t<div class=\"elementor-widget-container\">\n\t\t\t\t\t<h2 class=\"elementor-heading-title elementor-size-default\">Documentaci\u00f3n<\/h2>\t\t\t\t<\/div>\n\t\t\t\t<\/div>\n\t\t\t\t<div class=\"elementor-element elementor-element-df55ee9 wcf-t-animation-none elementor-widget elementor-widget-text-editor\" data-id=\"df55ee9\" data-element_type=\"widget\" data-e-type=\"widget\" data-settings=\"{&quot;wcf_text_animation&quot;:&quot;none&quot;,&quot;wcf-animation&quot;:&quot;none&quot;}\" data-widget_type=\"text-editor.default\">\n\t\t\t\t<div class=\"elementor-widget-container\">\n\t\t\t\t\t\t\t\t\t<p>La Plataforma de Coexistencia es un sistema de aprendizaje de vanguardia impulsado por IA, dise\u00f1ado para promover la tolerancia, la coexistencia y la diversidad, incorporando la visi\u00f3n, el liderazgo y las historias de \u00e9xito de los EAU en su marco central. La plataforma integra aprendizaje autom\u00e1tico, procesamiento del lenguaje natural (PLN) y sistemas de recomendaci\u00f3n personalizados para ofrecer una experiencia de aprendizaje interactiva e inteligente.<\/p><p>Construida por Emirates Scholar Center for Research &amp; Studies en colaboraci\u00f3n con el Ministerio de Tolerancia y Convivencia de los EAU, la plataforma est\u00e1 estructurada para:<\/p><p>Curar y personalizar los materiales de aprendizaje bas\u00e1ndose en la sabidur\u00eda y las citas de los l\u00edderes de los EAU.<br>Analizar las tendencias globales de tolerancia utilizando perspectivas impulsadas por la IA.<br>Fomentar el compromiso a trav\u00e9s de un ecosistema de aprendizaje interactivo e impulsado por los datos.<\/p><h2> <\/h2><h2>Arquitectura de la plataforma<\/h2><p> <\/p><p>La plataforma consta de varios componentes clave que funcionan conjuntamente para crear una experiencia de aprendizaje sin fisuras:<\/p><p> <\/p><ul><li>Re\u00fane discursos, citas, trabajos de investigaci\u00f3n y estudios de casos del mundo real.<\/li><li>Extrae ideas de liderazgo de los visionarios de los EAU.<\/li><li>Obtiene el contenido de instituciones acad\u00e9micas y gubernamentales verificadas.<\/li><li>Utiliza el Procesamiento del Lenguaje Natural (PLN) para analizar, categorizar y estructurar contenidos.<\/li><li>Utiliza Grafos de Conocimiento para trazar relaciones entre temas clave de tolerancia, diversidad y convivencia.<\/li><li>Admite el aprendizaje multiling\u00fce, lo que hace que la plataforma sea accesible en todo el mundo.<\/li><li>Los algoritmos de aprendizaje autom\u00e1tico adaptan el contenido en funci\u00f3n de las preferencias del usuario, su historial de aprendizaje y sus niveles de compromiso.<\/li><li>Filtrado Colaborativo y Filtrado Basado en el Contenido para adaptar las lecciones a cada usuario.<\/li><li>An\u00e1lisis de Sentimiento y Feedback de Usuario para mejorar la relevancia del contenido din\u00e1micamente.<\/li><li>Cuestionarios, debates y ejercicios generados por IA basados en los principios de liderazgo de los EAU.<\/li><li>Estudios de casos reales y simulaciones para fomentar el aprendizaje activo.<\/li><li>Tutor\u00eda virtual y evaluaciones basadas en IA para seguir el progreso.<\/li><\/ul>\t\t\t\t\t\t\t\t<\/div>\n\t\t\t\t<\/div>\n\t\t\t\t<\/div>\n\t\t\t\t\t<\/div>\n\t\t\t\t<\/div>\n\t\t\t\t<\/div>\n\t\t","protected":false},"excerpt":{"rendered":"<p>Building outstanding developing Change Documentaci\u00f3n La Plataforma de Coexistencia es un sistema de aprendizaje de vanguardia impulsado por IA, dise\u00f1ado para promover la tolerancia, la coexistencia y la diversidad, incorporando la visi\u00f3n, el liderazgo y las historias de \u00e9xito de los EAU en su marco central. La plataforma integra aprendizaje autom\u00e1tico, procesamiento del lenguaje natural [&hellip;]<\/p>\n","protected":false},"author":1,"featured_media":0,"parent":0,"menu_order":0,"comment_status":"closed","ping_status":"closed","template":"elementor_header_footer","meta":{"_sitemap_exclude":false,"_sitemap_priority":"","_sitemap_frequency":"","footnotes":""},"class_list":["post-11148","page","type-page","status-publish","hentry"],"_links":{"self":[{"href":"https:\/\/uaecoexistence.ai\/index.php?rest_route=\/wp\/v2\/pages\/11148","targetHints":{"allow":["GET"]}}],"collection":[{"href":"https:\/\/uaecoexistence.ai\/index.php?rest_route=\/wp\/v2\/pages"}],"about":[{"href":"https:\/\/uaecoexistence.ai\/index.php?rest_route=\/wp\/v2\/types\/page"}],"author":[{"embeddable":true,"href":"https:\/\/uaecoexistence.ai\/index.php?rest_route=\/wp\/v2\/users\/1"}],"replies":[{"embeddable":true,"href":"https:\/\/uaecoexistence.ai\/index.php?rest_route=%2Fwp%2Fv2%2Fcomments&post=11148"}],"version-history":[{"count":0,"href":"https:\/\/uaecoexistence.ai\/index.php?rest_route=\/wp\/v2\/pages\/11148\/revisions"}],"wp:attachment":[{"href":"https:\/\/uaecoexistence.ai\/index.php?rest_route=%2Fwp%2Fv2%2Fmedia&parent=11148"}],"curies":[{"name":"wp","href":"https:\/\/api.w.org\/{rel}","templated":true}]}}