{"id":11153,"date":"2025-03-02T21:40:38","date_gmt":"2025-03-02T21:40:38","guid":{"rendered":"https:\/\/uaecoexistence.ai\/pourquoi-la-coexistence\/"},"modified":"2025-03-05T23:03:29","modified_gmt":"2025-03-05T23:03:29","slug":"pourquoi-la-coexistence","status":"publish","type":"page","link":"https:\/\/uaecoexistence.ai\/?page_id=11153&lang=fr","title":{"rendered":"Pourquoi la coexistence ?"},"content":{"rendered":"\t\t<div data-elementor-type=\"wp-page\" data-elementor-id=\"11153\" class=\"elementor elementor-11153 elementor-8741\">\n\t\t\t\t<div class=\"elementor-element elementor-element-405c46a e-flex e-con-boxed e-con e-parent\" data-id=\"405c46a\" data-element_type=\"container\" data-e-type=\"container\" data-settings=\"{&quot;wcf_enable_cursor_hover_effect_text&quot;:&quot;View&quot;,&quot;wcf-animation&quot;:&quot;none&quot;}\">\n\t\t\t\t\t<div class=\"e-con-inner\">\n\t\t\t\t<div class=\"elementor-element elementor-element-719b692 wcf-t-animation-text_move elementor-widget elementor-widget-heading\" data-id=\"719b692\" data-element_type=\"widget\" data-e-type=\"widget\" data-settings=\"{&quot;wcf_text_animation&quot;:&quot;text_move&quot;,&quot;text_transform_origin&quot;:&quot;top center -50&quot;,&quot;text_delay&quot;:0.15,&quot;text_duration&quot;:1,&quot;text_stagger&quot;:0.02,&quot;text_on_scroll&quot;:&quot;yes&quot;,&quot;text_rotation_di&quot;:&quot;x&quot;,&quot;text_rotation&quot;:&quot;-80&quot;,&quot;wcf-animation&quot;:&quot;none&quot;}\" data-widget_type=\"heading.default\">\n\t\t\t\t<div class=\"elementor-widget-container\">\n\t\t\t\t\t<h2 class=\"elementor-heading-title elementor-size-default\">Nous sommes une soci\u00e9t\u00e9 musulmane qui tire son existence d'une \u00e9thique fond\u00e9e sur la tol\u00e9rance, la mis\u00e9ricorde et la chastet\u00e9.  <\/h2>\t\t\t\t<\/div>\n\t\t\t\t<\/div>\n\t\t<div class=\"elementor-element elementor-element-e5155fd e-flex e-con-boxed e-con e-child\" data-id=\"e5155fd\" data-element_type=\"container\" data-e-type=\"container\" data-settings=\"{&quot;wcf_enable_cursor_hover_effect_text&quot;:&quot;View&quot;,&quot;wcf-animation&quot;:&quot;none&quot;}\">\n\t\t\t\t\t<div class=\"e-con-inner\">\n\t\t\t\t<div class=\"elementor-element elementor-element-2c37bd0 elementor-widget__width-initial wcf-t-animation-none elementor-widget elementor-widget-wcf--title\" data-id=\"2c37bd0\" data-element_type=\"widget\" data-e-type=\"widget\" data-settings=\"{&quot;wcf-animation&quot;:&quot;fade&quot;,&quot;data-duration&quot;:0.75,&quot;fade-offset&quot;:40,&quot;wcf_text_animation&quot;:&quot;none&quot;,&quot;delay&quot;:0.15,&quot;fade-from&quot;:&quot;bottom&quot;,&quot;ease&quot;:&quot;power2.out&quot;}\" data-widget_type=\"wcf--title.default\">\n\t\t\t\t<div class=\"elementor-widget-container\">\n\t\t\t\t\t<h2 class=\"wcf--title\">Quote By<\/h2>\t\t\t\t<\/div>\n\t\t\t\t<\/div>\n\t\t\t\t<div class=\"elementor-element elementor-element-f906486 elementor-widget__width-initial elementor-widget-divider--view-line elementor-widget elementor-widget-divider\" data-id=\"f906486\" data-element_type=\"widget\" data-e-type=\"widget\" data-settings=\"{&quot;wcf-animation&quot;:&quot;fade&quot;,&quot;delay&quot;:0.3,&quot;data-duration&quot;:0.75,&quot;fade-offset&quot;:40,&quot;fade-from&quot;:&quot;bottom&quot;,&quot;ease&quot;:&quot;power2.out&quot;}\" data-widget_type=\"divider.default\">\n\t\t\t\t<div class=\"elementor-widget-container\">\n\t\t\t\t\t\t\t<div class=\"elementor-divider\">\n\t\t\t<span class=\"elementor-divider-separator\">\n\t\t\t\t\t\t<\/span>\n\t\t<\/div>\n\t\t\t\t\t\t<\/div>\n\t\t\t\t<\/div>\n\t\t\t\t<div class=\"elementor-element elementor-element-9bfbae9 elementor-widget__width-initial wcf-t-animation-none elementor-widget elementor-widget-text-editor\" data-id=\"9bfbae9\" data-element_type=\"widget\" data-e-type=\"widget\" data-settings=\"{&quot;wcf-animation&quot;:&quot;fade&quot;,&quot;delay&quot;:0.45,&quot;data-duration&quot;:0.75,&quot;fade-offset&quot;:40,&quot;wcf_text_animation&quot;:&quot;none&quot;,&quot;fade-from&quot;:&quot;bottom&quot;,&quot;ease&quot;:&quot;power2.out&quot;}\" data-widget_type=\"text-editor.default\">\n\t\t\t\t<div class=\"elementor-widget-container\">\n\t\t\t\t\t\t\t\t\t<p><strong>Cheikh Zayed bin Sultan Al Nahyan<\/strong><\/p>\t\t\t\t\t\t\t\t<\/div>\n\t\t\t\t<\/div>\n\t\t\t\t\t<\/div>\n\t\t\t\t<\/div>\n\t\t\t\t\t<\/div>\n\t\t\t\t<\/div>\n\t\t<div class=\"elementor-element elementor-element-05104ac e-flex e-con-boxed e-con e-parent\" data-id=\"05104ac\" data-element_type=\"container\" data-e-type=\"container\" data-settings=\"{&quot;wcf_enable_cursor_hover_effect_text&quot;:&quot;View&quot;,&quot;wcf-animation&quot;:&quot;none&quot;}\">\n\t\t\t\t\t<div class=\"e-con-inner\">\n\t\t<div class=\"elementor-element elementor-element-57b098a e-con-full e-flex e-con e-child\" data-id=\"57b098a\" data-element_type=\"container\" data-e-type=\"container\" data-settings=\"{&quot;wcf_enable_cursor_hover_effect_text&quot;:&quot;View&quot;,&quot;wcf-animation&quot;:&quot;none&quot;}\">\n\t\t<div class=\"elementor-element elementor-element-1e76289 e-con-full e-flex e-con e-child\" data-id=\"1e76289\" data-element_type=\"container\" data-e-type=\"container\" data-settings=\"{&quot;wcf_enable_cursor_hover_effect_text&quot;:&quot;View&quot;,&quot;wcf-animation&quot;:&quot;none&quot;}\">\n\t\t<div class=\"elementor-element elementor-element-dd7e4d2 e-con-full e-flex e-con e-child\" data-id=\"dd7e4d2\" data-element_type=\"container\" data-e-type=\"container\" data-settings=\"{&quot;wcf_enable_cursor_hover_effect_text&quot;:&quot;View&quot;,&quot;wcf-animation&quot;:&quot;none&quot;}\">\n\t\t\t\t<div class=\"elementor-element elementor-element-4447870 elementor-widget elementor-widget-image\" data-id=\"4447870\" data-element_type=\"widget\" data-e-type=\"widget\" data-settings=\"{&quot;wcf-animation&quot;:&quot;fade&quot;,&quot;data-duration&quot;:0.75,&quot;fade-offset&quot;:40,&quot;wcf-image-animation&quot;:&quot;none&quot;,&quot;delay&quot;:0.15,&quot;on-scroll&quot;:1,&quot;fade-from&quot;:&quot;bottom&quot;,&quot;ease&quot;:&quot;power2.out&quot;}\" data-widget_type=\"image.default\">\n\t\t\t\t<div class=\"elementor-widget-container\">\n\t\t\t\t\t\t\t\t\t\t\t\t\t\t\t<img decoding=\"async\" width=\"80\" height=\"75\" src=\"https:\/\/uaecoexistence.ai\/wp-content\/uploads\/2024\/06\/plas.png\" class=\"attachment-full size-full wp-image-3940\" alt=\"\" \/>\t\t\t\t\t\t\t\t\t\t\t\t\t\t\t<\/div>\n\t\t\t\t<\/div>\n\t\t\t\t<div class=\"elementor-element elementor-element-8119c63 elementor-widget__width-initial wcf-t-animation-none elementor-widget elementor-widget-wcf--title\" data-id=\"8119c63\" data-element_type=\"widget\" data-e-type=\"widget\" data-settings=\"{&quot;wcf-animation&quot;:&quot;fade&quot;,&quot;delay&quot;:0.3,&quot;on-scroll&quot;:&quot;1&quot;,&quot;data-duration&quot;:0.75,&quot;fade-offset&quot;:40,&quot;wcf_text_animation&quot;:&quot;none&quot;,&quot;fade-from&quot;:&quot;bottom&quot;,&quot;ease&quot;:&quot;power2.out&quot;}\" data-widget_type=\"wcf--title.default\">\n\t\t\t\t<div class=\"elementor-widget-container\">\n\t\t\t\t\t<h2 class=\"wcf--title\">Why Coexistence<\/h2>\t\t\t\t<\/div>\n\t\t\t\t<\/div>\n\t\t\t\t<\/div>\n\t\t<div class=\"elementor-element elementor-element-842af48 e-con-full e-flex e-con e-child\" data-id=\"842af48\" data-element_type=\"container\" data-e-type=\"container\" data-settings=\"{&quot;wcf_enable_cursor_hover_effect_text&quot;:&quot;View&quot;,&quot;wcf-animation&quot;:&quot;none&quot;}\">\n\t\t\t\t<div class=\"elementor-element elementor-element-94b6af0 wcf-t-animation-text_move elementor-widget elementor-widget-heading\" data-id=\"94b6af0\" data-element_type=\"widget\" data-e-type=\"widget\" data-settings=\"{&quot;wcf_text_animation&quot;:&quot;text_move&quot;,&quot;text_transform_origin&quot;:&quot;top center -50&quot;,&quot;text_delay&quot;:0.15,&quot;text_duration&quot;:1,&quot;text_stagger&quot;:0.02,&quot;text_on_scroll&quot;:&quot;yes&quot;,&quot;text_rotation_di&quot;:&quot;x&quot;,&quot;text_rotation&quot;:&quot;-80&quot;,&quot;wcf-animation&quot;:&quot;none&quot;}\" data-widget_type=\"heading.default\">\n\t\t\t\t<div class=\"elementor-widget-container\">\n\t\t\t\t\t<h2 class=\"elementor-heading-title elementor-size-default\">Plus qu'un simple centre d'apprentissage aliment\u00e9 par l'IA, il s'agit d'une initiative mondiale.  <\/h2>\t\t\t\t<\/div>\n\t\t\t\t<\/div>\n\t\t\t\t<div class=\"elementor-element elementor-element-2a258fa wcf-t-animation-none elementor-widget elementor-widget-text-editor\" data-id=\"2a258fa\" data-element_type=\"widget\" data-e-type=\"widget\" data-settings=\"{&quot;wcf_text_animation&quot;:&quot;none&quot;,&quot;wcf-animation&quot;:&quot;none&quot;}\" data-widget_type=\"text-editor.default\">\n\t\t\t\t<div class=\"elementor-widget-container\">\n\t\t\t\t\t\t\t\t\t<p>La plateforme Coexistence est plus qu&#8217;un simple centre d&#8217;apprentissage aliment\u00e9 par l&#8217;IA : il s&#8217;agit d&#8217;une initiative mondiale inspir\u00e9e par le leadership visionnaire des \u00c9mirats arabes unis, con\u00e7ue pour promouvoir la tol\u00e9rance, la coexistence et la diversit\u00e9 par le biais de l&#8217;\u00e9ducation et de la technologie.<\/p><p> <\/p><p>Les \u00c9mirats arabes unis sont un mod\u00e8le de coexistence pacifique, o\u00f9 plus de 200 nationalit\u00e9s vivent et prosp\u00e8rent ensemble. Cette plateforme capture l&#8217;essence du succ\u00e8s des \u00c9mirats arabes unis dans la construction d&#8217;une soci\u00e9t\u00e9 harmonieuse et la partage avec le monde, en int\u00e9grant la sagesse des dirigeants des \u00c9mirats arabes unis dans une exp\u00e9rience d&#8217;apprentissage interactive et intelligente. <\/p><p> <\/p><h2>Inspir\u00e9 par le leadership des \u00c9mirats arabes unis<\/h2><p> <\/p><p>Notre plateforme pilot\u00e9e par l&#8217;IA s&#8217;appuie sur les enseignements, les citations et les valeurs des dirigeants visionnaires des \u00c9mirats arabes unis, qui d\u00e9fendent depuis longtemps l&#8217;unit\u00e9, le respect et la collaboration. Leurs mots guident les fondements de cette initiative, garantissant que chaque aspect de l&#8217;apprentissage refl\u00e8te les principes fondamentaux de la coexistence. <\/p><p> <\/p><ol><li>Un centre d&#8217;apprentissage pour tous &#8211; Que vous soyez un \u00e9tudiant, un \u00e9ducateur, un d\u00e9cideur ou un professionnel, notre syst\u00e8me aliment\u00e9 par l&#8217;IA adapte le contenu \u00e0 vos besoins d&#8217;apprentissage.<\/li><li>Un mod\u00e8le de coexistence mondiale &#8211; L&#8217;approche des \u00c9mirats arabes unis en mati\u00e8re de diversit\u00e9 est devenue un exemple pour le monde entier, et nous pr\u00e9sentons ces r\u00e9ussites \u00e0 un public international.<\/li><li>Insights et apprentissage interactif pilot\u00e9s par l&#8217;IA &#8211; Une technologie de pointe personnalise votre parcours, en veillant \u00e0 ce que les connaissances soient attrayantes, percutantes et transformatrices.<\/li><li>Construire un avenir de tol\u00e9rance &#8211; En partageant la vision des \u00c9mirats arabes unis, nous visons \u00e0 cr\u00e9er un monde o\u00f9 le respect et l&#8217;harmonie prosp\u00e8rent, guid\u00e9s par la sagesse des dirigeants et les exp\u00e9riences du monde r\u00e9el.<\/li><\/ol>\t\t\t\t\t\t\t\t<\/div>\n\t\t\t\t<\/div>\n\t\t\t\t<\/div>\n\t\t\t\t<\/div>\n\t\t\t\t<\/div>\n\t\t\t\t\t<\/div>\n\t\t\t\t<\/div>\n\t\t\t\t<\/div>\n\t\t","protected":false},"excerpt":{"rendered":"<p>Nous sommes une soci\u00e9t\u00e9 musulmane qui tire son existence d&#8217;une \u00e9thique fond\u00e9e sur la tol\u00e9rance, la mis\u00e9ricorde et la chastet\u00e9. Quote By Cheikh Zayed bin Sultan Al Nahyan Why Coexistence Plus qu&#8217;un simple centre d&#8217;apprentissage aliment\u00e9 par l&#8217;IA, il s&#8217;agit d&#8217;une initiative mondiale. La plateforme Coexistence est plus qu&#8217;un simple centre d&#8217;apprentissage aliment\u00e9 par l&#8217;IA [&hellip;]<\/p>\n","protected":false},"author":1,"featured_media":0,"parent":0,"menu_order":0,"comment_status":"closed","ping_status":"closed","template":"elementor_header_footer","meta":{"_sitemap_exclude":false,"_sitemap_priority":"","_sitemap_frequency":"","footnotes":""},"class_list":["post-11153","page","type-page","status-publish","hentry"],"_links":{"self":[{"href":"https:\/\/uaecoexistence.ai\/index.php?rest_route=\/wp\/v2\/pages\/11153","targetHints":{"allow":["GET"]}}],"collection":[{"href":"https:\/\/uaecoexistence.ai\/index.php?rest_route=\/wp\/v2\/pages"}],"about":[{"href":"https:\/\/uaecoexistence.ai\/index.php?rest_route=\/wp\/v2\/types\/page"}],"author":[{"embeddable":true,"href":"https:\/\/uaecoexistence.ai\/index.php?rest_route=\/wp\/v2\/users\/1"}],"replies":[{"embeddable":true,"href":"https:\/\/uaecoexistence.ai\/index.php?rest_route=%2Fwp%2Fv2%2Fcomments&post=11153"}],"version-history":[{"count":0,"href":"https:\/\/uaecoexistence.ai\/index.php?rest_route=\/wp\/v2\/pages\/11153\/revisions"}],"wp:attachment":[{"href":"https:\/\/uaecoexistence.ai\/index.php?rest_route=%2Fwp%2Fv2%2Fmedia&parent=11153"}],"curies":[{"name":"wp","href":"https:\/\/api.w.org\/{rel}","templated":true}]}}