{"id":11158,"date":"2025-03-02T21:40:38","date_gmt":"2025-03-02T21:40:38","guid":{"rendered":"https:\/\/uaecoexistence.ai\/por-que-la-coexistencia\/"},"modified":"2025-03-05T23:03:31","modified_gmt":"2025-03-05T23:03:31","slug":"por-que-la-coexistencia","status":"publish","type":"page","link":"https:\/\/uaecoexistence.ai\/?page_id=11158&lang=es","title":{"rendered":"Por qu\u00e9 la coexistencia"},"content":{"rendered":"\t\t<div data-elementor-type=\"wp-page\" data-elementor-id=\"11158\" class=\"elementor elementor-11158 elementor-8741\">\n\t\t\t\t<div class=\"elementor-element elementor-element-405c46a e-flex e-con-boxed e-con e-parent\" data-id=\"405c46a\" data-element_type=\"container\" data-e-type=\"container\" data-settings=\"{&quot;wcf_enable_cursor_hover_effect_text&quot;:&quot;View&quot;,&quot;wcf-animation&quot;:&quot;none&quot;}\">\n\t\t\t\t\t<div class=\"e-con-inner\">\n\t\t\t\t<div class=\"elementor-element elementor-element-719b692 wcf-t-animation-text_move elementor-widget elementor-widget-heading\" data-id=\"719b692\" data-element_type=\"widget\" data-e-type=\"widget\" data-settings=\"{&quot;wcf_text_animation&quot;:&quot;text_move&quot;,&quot;text_transform_origin&quot;:&quot;top center -50&quot;,&quot;text_delay&quot;:0.15,&quot;text_duration&quot;:1,&quot;text_stagger&quot;:0.02,&quot;text_on_scroll&quot;:&quot;yes&quot;,&quot;text_rotation_di&quot;:&quot;x&quot;,&quot;text_rotation&quot;:&quot;-80&quot;,&quot;wcf-animation&quot;:&quot;none&quot;}\" data-widget_type=\"heading.default\">\n\t\t\t\t<div class=\"elementor-widget-container\">\n\t\t\t\t\t<h2 class=\"elementor-heading-title elementor-size-default\">Somos una sociedad musulmana que basa su existencia en una \u00e9tica basada en la tolerancia, la misericordia y la castidad.  <\/h2>\t\t\t\t<\/div>\n\t\t\t\t<\/div>\n\t\t<div class=\"elementor-element elementor-element-e5155fd e-flex e-con-boxed e-con e-child\" data-id=\"e5155fd\" data-element_type=\"container\" data-e-type=\"container\" data-settings=\"{&quot;wcf_enable_cursor_hover_effect_text&quot;:&quot;View&quot;,&quot;wcf-animation&quot;:&quot;none&quot;}\">\n\t\t\t\t\t<div class=\"e-con-inner\">\n\t\t\t\t<div class=\"elementor-element elementor-element-2c37bd0 elementor-widget__width-initial wcf-t-animation-none elementor-widget elementor-widget-wcf--title\" data-id=\"2c37bd0\" data-element_type=\"widget\" data-e-type=\"widget\" data-settings=\"{&quot;wcf-animation&quot;:&quot;fade&quot;,&quot;data-duration&quot;:0.75,&quot;fade-offset&quot;:40,&quot;wcf_text_animation&quot;:&quot;none&quot;,&quot;delay&quot;:0.15,&quot;fade-from&quot;:&quot;bottom&quot;,&quot;ease&quot;:&quot;power2.out&quot;}\" data-widget_type=\"wcf--title.default\">\n\t\t\t\t<div class=\"elementor-widget-container\">\n\t\t\t\t\t<h2 class=\"wcf--title\">Quote By<\/h2>\t\t\t\t<\/div>\n\t\t\t\t<\/div>\n\t\t\t\t<div class=\"elementor-element elementor-element-f906486 elementor-widget__width-initial elementor-widget-divider--view-line elementor-widget elementor-widget-divider\" data-id=\"f906486\" data-element_type=\"widget\" data-e-type=\"widget\" data-settings=\"{&quot;wcf-animation&quot;:&quot;fade&quot;,&quot;delay&quot;:0.3,&quot;data-duration&quot;:0.75,&quot;fade-offset&quot;:40,&quot;fade-from&quot;:&quot;bottom&quot;,&quot;ease&quot;:&quot;power2.out&quot;}\" data-widget_type=\"divider.default\">\n\t\t\t\t<div class=\"elementor-widget-container\">\n\t\t\t\t\t\t\t<div class=\"elementor-divider\">\n\t\t\t<span class=\"elementor-divider-separator\">\n\t\t\t\t\t\t<\/span>\n\t\t<\/div>\n\t\t\t\t\t\t<\/div>\n\t\t\t\t<\/div>\n\t\t\t\t<div class=\"elementor-element elementor-element-9bfbae9 elementor-widget__width-initial wcf-t-animation-none elementor-widget elementor-widget-text-editor\" data-id=\"9bfbae9\" data-element_type=\"widget\" data-e-type=\"widget\" data-settings=\"{&quot;wcf-animation&quot;:&quot;fade&quot;,&quot;delay&quot;:0.45,&quot;data-duration&quot;:0.75,&quot;fade-offset&quot;:40,&quot;wcf_text_animation&quot;:&quot;none&quot;,&quot;fade-from&quot;:&quot;bottom&quot;,&quot;ease&quot;:&quot;power2.out&quot;}\" data-widget_type=\"text-editor.default\">\n\t\t\t\t<div class=\"elementor-widget-container\">\n\t\t\t\t\t\t\t\t\t<p><strong>Jeque Zayed bin Sultan Al Nahyan<\/strong><\/p>\t\t\t\t\t\t\t\t<\/div>\n\t\t\t\t<\/div>\n\t\t\t\t\t<\/div>\n\t\t\t\t<\/div>\n\t\t\t\t\t<\/div>\n\t\t\t\t<\/div>\n\t\t<div class=\"elementor-element elementor-element-05104ac e-flex e-con-boxed e-con e-parent\" data-id=\"05104ac\" data-element_type=\"container\" data-e-type=\"container\" data-settings=\"{&quot;wcf_enable_cursor_hover_effect_text&quot;:&quot;View&quot;,&quot;wcf-animation&quot;:&quot;none&quot;}\">\n\t\t\t\t\t<div class=\"e-con-inner\">\n\t\t<div class=\"elementor-element elementor-element-57b098a e-con-full e-flex e-con e-child\" data-id=\"57b098a\" data-element_type=\"container\" data-e-type=\"container\" data-settings=\"{&quot;wcf_enable_cursor_hover_effect_text&quot;:&quot;View&quot;,&quot;wcf-animation&quot;:&quot;none&quot;}\">\n\t\t<div class=\"elementor-element elementor-element-1e76289 e-con-full e-flex e-con e-child\" data-id=\"1e76289\" data-element_type=\"container\" data-e-type=\"container\" data-settings=\"{&quot;wcf_enable_cursor_hover_effect_text&quot;:&quot;View&quot;,&quot;wcf-animation&quot;:&quot;none&quot;}\">\n\t\t<div class=\"elementor-element elementor-element-dd7e4d2 e-con-full e-flex e-con e-child\" data-id=\"dd7e4d2\" data-element_type=\"container\" data-e-type=\"container\" data-settings=\"{&quot;wcf_enable_cursor_hover_effect_text&quot;:&quot;View&quot;,&quot;wcf-animation&quot;:&quot;none&quot;}\">\n\t\t\t\t<div class=\"elementor-element elementor-element-4447870 elementor-widget elementor-widget-image\" data-id=\"4447870\" data-element_type=\"widget\" data-e-type=\"widget\" data-settings=\"{&quot;wcf-animation&quot;:&quot;fade&quot;,&quot;data-duration&quot;:0.75,&quot;fade-offset&quot;:40,&quot;wcf-image-animation&quot;:&quot;none&quot;,&quot;delay&quot;:0.15,&quot;on-scroll&quot;:1,&quot;fade-from&quot;:&quot;bottom&quot;,&quot;ease&quot;:&quot;power2.out&quot;}\" data-widget_type=\"image.default\">\n\t\t\t\t<div class=\"elementor-widget-container\">\n\t\t\t\t\t\t\t\t\t\t\t\t\t\t\t<img decoding=\"async\" width=\"80\" height=\"75\" src=\"https:\/\/uaecoexistence.ai\/wp-content\/uploads\/2024\/06\/plas.png\" class=\"attachment-full size-full wp-image-3940\" alt=\"\" \/>\t\t\t\t\t\t\t\t\t\t\t\t\t\t\t<\/div>\n\t\t\t\t<\/div>\n\t\t\t\t<div class=\"elementor-element elementor-element-8119c63 elementor-widget__width-initial wcf-t-animation-none elementor-widget elementor-widget-wcf--title\" data-id=\"8119c63\" data-element_type=\"widget\" data-e-type=\"widget\" data-settings=\"{&quot;wcf-animation&quot;:&quot;fade&quot;,&quot;delay&quot;:0.3,&quot;on-scroll&quot;:&quot;1&quot;,&quot;data-duration&quot;:0.75,&quot;fade-offset&quot;:40,&quot;wcf_text_animation&quot;:&quot;none&quot;,&quot;fade-from&quot;:&quot;bottom&quot;,&quot;ease&quot;:&quot;power2.out&quot;}\" data-widget_type=\"wcf--title.default\">\n\t\t\t\t<div class=\"elementor-widget-container\">\n\t\t\t\t\t<h2 class=\"wcf--title\">Why Coexistence<\/h2>\t\t\t\t<\/div>\n\t\t\t\t<\/div>\n\t\t\t\t<\/div>\n\t\t<div class=\"elementor-element elementor-element-842af48 e-con-full e-flex e-con e-child\" data-id=\"842af48\" data-element_type=\"container\" data-e-type=\"container\" data-settings=\"{&quot;wcf_enable_cursor_hover_effect_text&quot;:&quot;View&quot;,&quot;wcf-animation&quot;:&quot;none&quot;}\">\n\t\t\t\t<div class=\"elementor-element elementor-element-94b6af0 wcf-t-animation-text_move elementor-widget elementor-widget-heading\" data-id=\"94b6af0\" data-element_type=\"widget\" data-e-type=\"widget\" data-settings=\"{&quot;wcf_text_animation&quot;:&quot;text_move&quot;,&quot;text_transform_origin&quot;:&quot;top center -50&quot;,&quot;text_delay&quot;:0.15,&quot;text_duration&quot;:1,&quot;text_stagger&quot;:0.02,&quot;text_on_scroll&quot;:&quot;yes&quot;,&quot;text_rotation_di&quot;:&quot;x&quot;,&quot;text_rotation&quot;:&quot;-80&quot;,&quot;wcf-animation&quot;:&quot;none&quot;}\" data-widget_type=\"heading.default\">\n\t\t\t\t<div class=\"elementor-widget-container\">\n\t\t\t\t\t<h2 class=\"elementor-heading-title elementor-size-default\">M\u00e1s que un centro de aprendizaje basado en la IA, es una iniciativa global  <\/h2>\t\t\t\t<\/div>\n\t\t\t\t<\/div>\n\t\t\t\t<div class=\"elementor-element elementor-element-2a258fa wcf-t-animation-none elementor-widget elementor-widget-text-editor\" data-id=\"2a258fa\" data-element_type=\"widget\" data-e-type=\"widget\" data-settings=\"{&quot;wcf_text_animation&quot;:&quot;none&quot;,&quot;wcf-animation&quot;:&quot;none&quot;}\" data-widget_type=\"text-editor.default\">\n\t\t\t\t<div class=\"elementor-widget-container\">\n\t\t\t\t\t\t\t\t\t<p>La Plataforma de Coexistencia es algo m\u00e1s que un centro de aprendizaje impulsado por IA: es una iniciativa global inspirada en el liderazgo visionario de los EAU, dise\u00f1ada para promover la tolerancia, la coexistencia y la diversidad a trav\u00e9s de la educaci\u00f3n y la tecnolog\u00eda.<\/p><p> <\/p><p>Los EAU son un faro de coexistencia pac\u00edfica, donde m\u00e1s de 200 nacionalidades viven y prosperan juntas. Esta plataforma capta la esencia del \u00e9xito de los EAU en la construcci\u00f3n de una sociedad armoniosa y la comparte con el mundo, integrando la sabidur\u00eda de los l\u00edderes de los EAU en una experiencia de aprendizaje interactiva e inteligente. <\/p><p> <\/p><h2>Inspirados por el liderazgo de los EAU<\/h2><p> <\/p><p>Nuestra plataforma impulsada por la IA est\u00e1 incrustada con las ense\u00f1anzas, citas y valores de los l\u00edderes visionarios de los EAU, que llevan mucho tiempo defendiendo la unidad, el respeto y la colaboraci\u00f3n. Sus palabras gu\u00edan los cimientos de esta iniciativa, garantizando que cada aspecto del aprendizaje refleje los principios b\u00e1sicos de la coexistencia. <\/p><p> <\/p><ol><li>Un centro de aprendizaje para todos &#8211; Tanto si eres estudiante, educador, responsable pol\u00edtico o profesional, nuestro sistema basado en IA adapta el contenido a tus necesidades de aprendizaje.<\/li><li>Un modelo para la coexistencia global &#8211; El enfoque de los EAU sobre la diversidad se ha convertido en un ejemplo para el mundo, y nosotros llevamos estas historias de \u00e9xito a una audiencia global.<\/li><li>Conocimientos impulsados por la IA y aprendizaje interactivo &#8211; La tecnolog\u00eda de vanguardia personaliza tu viaje, garantizando que el conocimiento sea atractivo, impactante y transformador.<\/li><li>Construir un futuro de tolerancia &#8211; Al compartir la visi\u00f3n de los EAU, pretendemos crear un mundo en el que prosperen el respeto y la armon\u00eda, guiados por la sabidur\u00eda del liderazgo y las experiencias del mundo real.<\/li><\/ol>\t\t\t\t\t\t\t\t<\/div>\n\t\t\t\t<\/div>\n\t\t\t\t<\/div>\n\t\t\t\t<\/div>\n\t\t\t\t<\/div>\n\t\t\t\t\t<\/div>\n\t\t\t\t<\/div>\n\t\t\t\t<\/div>\n\t\t","protected":false},"excerpt":{"rendered":"<p>Somos una sociedad musulmana que basa su existencia en una \u00e9tica basada en la tolerancia, la misericordia y la castidad. Quote By Jeque Zayed bin Sultan Al Nahyan Why Coexistence M\u00e1s que un centro de aprendizaje basado en la IA, es una iniciativa global La Plataforma de Coexistencia es algo m\u00e1s que un centro de [&hellip;]<\/p>\n","protected":false},"author":1,"featured_media":0,"parent":0,"menu_order":0,"comment_status":"closed","ping_status":"closed","template":"elementor_header_footer","meta":{"_sitemap_exclude":false,"_sitemap_priority":"","_sitemap_frequency":"","footnotes":""},"class_list":["post-11158","page","type-page","status-publish","hentry"],"_links":{"self":[{"href":"https:\/\/uaecoexistence.ai\/index.php?rest_route=\/wp\/v2\/pages\/11158","targetHints":{"allow":["GET"]}}],"collection":[{"href":"https:\/\/uaecoexistence.ai\/index.php?rest_route=\/wp\/v2\/pages"}],"about":[{"href":"https:\/\/uaecoexistence.ai\/index.php?rest_route=\/wp\/v2\/types\/page"}],"author":[{"embeddable":true,"href":"https:\/\/uaecoexistence.ai\/index.php?rest_route=\/wp\/v2\/users\/1"}],"replies":[{"embeddable":true,"href":"https:\/\/uaecoexistence.ai\/index.php?rest_route=%2Fwp%2Fv2%2Fcomments&post=11158"}],"version-history":[{"count":0,"href":"https:\/\/uaecoexistence.ai\/index.php?rest_route=\/wp\/v2\/pages\/11158\/revisions"}],"wp:attachment":[{"href":"https:\/\/uaecoexistence.ai\/index.php?rest_route=%2Fwp%2Fv2%2Fmedia&parent=11158"}],"curies":[{"name":"wp","href":"https:\/\/api.w.org\/{rel}","templated":true}]}}