{"id":11168,"date":"2025-03-02T21:33:00","date_gmt":"2025-03-02T21:33:00","guid":{"rendered":"https:\/\/uaecoexistence.ai\/ressources\/"},"modified":"2025-03-05T23:00:51","modified_gmt":"2025-03-05T23:00:51","slug":"ressources","status":"publish","type":"page","link":"https:\/\/uaecoexistence.ai\/?page_id=11168&lang=fr","title":{"rendered":"Ressources"},"content":{"rendered":"\t\t<div data-elementor-type=\"wp-page\" data-elementor-id=\"11168\" class=\"elementor elementor-11168 elementor-8723\">\n\t\t\t\t<div class=\"elementor-element elementor-element-e0a7f74 e-flex e-con-boxed e-con e-parent\" data-id=\"e0a7f74\" data-element_type=\"container\" data-e-type=\"container\" data-settings=\"{&quot;wcf_enable_cursor_hover_effect_text&quot;:&quot;View&quot;,&quot;wcf-animation&quot;:&quot;none&quot;}\">\n\t\t\t\t\t<div class=\"e-con-inner\">\n\t\t\t\t<div class=\"elementor-element elementor-element-3e16e72 wcf-t-animation-text_move elementor-widget elementor-widget-heading\" data-id=\"3e16e72\" data-element_type=\"widget\" data-e-type=\"widget\" data-settings=\"{&quot;wcf_text_animation&quot;:&quot;text_move&quot;,&quot;text_transform_origin&quot;:&quot;top center -50&quot;,&quot;text_delay&quot;:0.15,&quot;text_duration&quot;:1,&quot;text_stagger&quot;:0.02,&quot;text_on_scroll&quot;:&quot;yes&quot;,&quot;text_rotation_di&quot;:&quot;x&quot;,&quot;text_rotation&quot;:&quot;-80&quot;,&quot;wcf-animation&quot;:&quot;none&quot;}\" data-widget_type=\"heading.default\">\n\t\t\t\t<div class=\"elementor-widget-container\">\n\t\t\t\t\t<h2 class=\"elementor-heading-title elementor-size-default\">La coexistence est la capacit\u00e9 de vivre ensemble en paix et en harmonie.<\/h2>\t\t\t\t<\/div>\n\t\t\t\t<\/div>\n\t\t<div class=\"elementor-element elementor-element-8919c2a e-flex e-con-boxed e-con e-child\" data-id=\"8919c2a\" data-element_type=\"container\" data-e-type=\"container\" data-settings=\"{&quot;wcf_enable_cursor_hover_effect_text&quot;:&quot;View&quot;,&quot;wcf-animation&quot;:&quot;none&quot;}\">\n\t\t\t\t\t<div class=\"e-con-inner\">\n\t\t\t\t<div class=\"elementor-element elementor-element-bd4fce1 elementor-widget__width-initial wcf-t-animation-none elementor-widget elementor-widget-wcf--title\" data-id=\"bd4fce1\" data-element_type=\"widget\" data-e-type=\"widget\" data-settings=\"{&quot;wcf-animation&quot;:&quot;fade&quot;,&quot;data-duration&quot;:0.75,&quot;fade-offset&quot;:40,&quot;wcf_text_animation&quot;:&quot;none&quot;,&quot;delay&quot;:0.15,&quot;fade-from&quot;:&quot;bottom&quot;,&quot;ease&quot;:&quot;power2.out&quot;}\" data-widget_type=\"wcf--title.default\">\n\t\t\t\t<div class=\"elementor-widget-container\">\n\t\t\t\t\t<h2 class=\"wcf--title\">Quote By<\/h2>\t\t\t\t<\/div>\n\t\t\t\t<\/div>\n\t\t\t\t<div class=\"elementor-element elementor-element-ab138d3 elementor-widget__width-initial elementor-widget-divider--view-line elementor-widget elementor-widget-divider\" data-id=\"ab138d3\" data-element_type=\"widget\" data-e-type=\"widget\" data-settings=\"{&quot;wcf-animation&quot;:&quot;fade&quot;,&quot;delay&quot;:0.3,&quot;data-duration&quot;:0.75,&quot;fade-offset&quot;:40,&quot;fade-from&quot;:&quot;bottom&quot;,&quot;ease&quot;:&quot;power2.out&quot;}\" data-widget_type=\"divider.default\">\n\t\t\t\t<div class=\"elementor-widget-container\">\n\t\t\t\t\t\t\t<div class=\"elementor-divider\">\n\t\t\t<span class=\"elementor-divider-separator\">\n\t\t\t\t\t\t<\/span>\n\t\t<\/div>\n\t\t\t\t\t\t<\/div>\n\t\t\t\t<\/div>\n\t\t\t\t<div class=\"elementor-element elementor-element-e11b11e elementor-widget__width-initial wcf-t-animation-none elementor-widget elementor-widget-text-editor\" data-id=\"e11b11e\" data-element_type=\"widget\" data-e-type=\"widget\" data-settings=\"{&quot;wcf-animation&quot;:&quot;fade&quot;,&quot;delay&quot;:0.45,&quot;data-duration&quot;:0.75,&quot;fade-offset&quot;:40,&quot;wcf_text_animation&quot;:&quot;none&quot;,&quot;fade-from&quot;:&quot;bottom&quot;,&quot;ease&quot;:&quot;power2.out&quot;}\" data-widget_type=\"text-editor.default\">\n\t\t\t\t<div class=\"elementor-widget-container\">\n\t\t\t\t\t\t\t\t\t<p><strong>Son Excellence le Cheikh Nahayan Mabarak Al Nahyan<\/strong><\/p><p>Membre du cabinet des \u00c9mirats arabes unis, ministre de la tol\u00e9rance et de la coexistence<\/p>\t\t\t\t\t\t\t\t<\/div>\n\t\t\t\t<\/div>\n\t\t\t\t\t<\/div>\n\t\t\t\t<\/div>\n\t\t\t\t\t<\/div>\n\t\t\t\t<\/div>\n\t\t<div class=\"elementor-element elementor-element-55c27d4 e-flex e-con-boxed e-con e-parent\" data-id=\"55c27d4\" data-element_type=\"container\" data-e-type=\"container\" data-settings=\"{&quot;wcf_enable_cursor_hover_effect_text&quot;:&quot;View&quot;,&quot;wcf-animation&quot;:&quot;none&quot;}\">\n\t\t\t\t\t<div class=\"e-con-inner\">\n\t\t<div class=\"elementor-element elementor-element-4c2ca35 e-con-full e-flex e-con e-child\" data-id=\"4c2ca35\" data-element_type=\"container\" data-e-type=\"container\" data-settings=\"{&quot;wcf_enable_cursor_hover_effect_text&quot;:&quot;View&quot;,&quot;wcf-animation&quot;:&quot;none&quot;}\">\n\t\t<div class=\"elementor-element elementor-element-94ebb91 e-con-full e-flex e-con e-child\" data-id=\"94ebb91\" data-element_type=\"container\" data-e-type=\"container\" data-settings=\"{&quot;wcf_enable_cursor_hover_effect_text&quot;:&quot;View&quot;,&quot;wcf-animation&quot;:&quot;none&quot;}\">\n\t\t<div class=\"elementor-element elementor-element-9275de9 e-con-full e-flex e-con e-child\" data-id=\"9275de9\" data-element_type=\"container\" data-e-type=\"container\" data-settings=\"{&quot;wcf_enable_cursor_hover_effect_text&quot;:&quot;View&quot;,&quot;wcf-animation&quot;:&quot;none&quot;}\">\n\t\t\t\t<div class=\"elementor-element elementor-element-b94f657 elementor-widget elementor-widget-image\" data-id=\"b94f657\" data-element_type=\"widget\" data-e-type=\"widget\" data-settings=\"{&quot;wcf-animation&quot;:&quot;fade&quot;,&quot;data-duration&quot;:0.75,&quot;fade-offset&quot;:40,&quot;wcf-image-animation&quot;:&quot;none&quot;,&quot;delay&quot;:0.15,&quot;on-scroll&quot;:1,&quot;fade-from&quot;:&quot;bottom&quot;,&quot;ease&quot;:&quot;power2.out&quot;}\" data-widget_type=\"image.default\">\n\t\t\t\t<div class=\"elementor-widget-container\">\n\t\t\t\t\t\t\t\t\t\t\t\t\t\t\t<img decoding=\"async\" width=\"80\" height=\"75\" src=\"https:\/\/uaecoexistence.ai\/wp-content\/uploads\/2024\/06\/plas.png\" class=\"attachment-full size-full wp-image-3940\" alt=\"\" \/>\t\t\t\t\t\t\t\t\t\t\t\t\t\t\t<\/div>\n\t\t\t\t<\/div>\n\t\t\t\t<div class=\"elementor-element elementor-element-e857bd8 elementor-widget__width-initial wcf-t-animation-none elementor-widget elementor-widget-wcf--title\" data-id=\"e857bd8\" data-element_type=\"widget\" data-e-type=\"widget\" data-settings=\"{&quot;wcf-animation&quot;:&quot;fade&quot;,&quot;delay&quot;:0.3,&quot;on-scroll&quot;:&quot;1&quot;,&quot;data-duration&quot;:0.75,&quot;fade-offset&quot;:40,&quot;wcf_text_animation&quot;:&quot;none&quot;,&quot;fade-from&quot;:&quot;bottom&quot;,&quot;ease&quot;:&quot;power2.out&quot;}\" data-widget_type=\"wcf--title.default\">\n\t\t\t\t<div class=\"elementor-widget-container\">\n\t\t\t\t\t<h2 class=\"wcf--title\">Our Resources<\/h2>\t\t\t\t<\/div>\n\t\t\t\t<\/div>\n\t\t\t\t<\/div>\n\t\t<div class=\"elementor-element elementor-element-6e7f867 e-con-full e-flex e-con e-child\" data-id=\"6e7f867\" data-element_type=\"container\" data-e-type=\"container\" data-settings=\"{&quot;wcf_enable_cursor_hover_effect_text&quot;:&quot;View&quot;,&quot;wcf-animation&quot;:&quot;none&quot;}\">\n\t\t\t\t<div class=\"elementor-element elementor-element-a7a0c0f wcf-t-animation-text_move elementor-widget elementor-widget-heading\" data-id=\"a7a0c0f\" data-element_type=\"widget\" data-e-type=\"widget\" data-settings=\"{&quot;wcf_text_animation&quot;:&quot;text_move&quot;,&quot;text_transform_origin&quot;:&quot;top center -50&quot;,&quot;text_delay&quot;:0.15,&quot;text_duration&quot;:1,&quot;text_stagger&quot;:0.02,&quot;text_on_scroll&quot;:&quot;yes&quot;,&quot;text_rotation_di&quot;:&quot;x&quot;,&quot;text_rotation&quot;:&quot;-80&quot;,&quot;wcf-animation&quot;:&quot;none&quot;}\" data-widget_type=\"heading.default\">\n\t\t\t\t<div class=\"elementor-widget-container\">\n\t\t\t\t\t<h2 class=\"elementor-heading-title elementor-size-default\">Combinez l'apprentissage pilot\u00e9 par l'IA, les connaissances en mati\u00e8re de leadership et les \u00e9tudes de cas du monde r\u00e9el.<\/h2>\t\t\t\t<\/div>\n\t\t\t\t<\/div>\n\t\t\t\t<div class=\"elementor-element elementor-element-a2fc3d8 wcf-t-animation-none elementor-widget elementor-widget-text-editor\" data-id=\"a2fc3d8\" data-element_type=\"widget\" data-e-type=\"widget\" data-settings=\"{&quot;wcf_text_animation&quot;:&quot;none&quot;,&quot;wcf-animation&quot;:&quot;none&quot;}\" data-widget_type=\"text-editor.default\">\n\t\t\t\t<div class=\"elementor-widget-container\">\n\t\t\t\t\t\t\t\t\t<p>La plateforme Coexistence repose sur des ressources fiables et de grande qualit\u00e9 qui combinent l&#8217;apprentissage pilot\u00e9 par l&#8217;IA, des id\u00e9es de leadership et des \u00e9tudes de cas du monde r\u00e9el. Notre plateforme est con\u00e7ue pour \u00e9duquer, inspirer et responsabiliser les individus, les organisations et les \u00e9ducateurs avec des outils qui promeuvent la tol\u00e9rance, la coexistence et la diversit\u00e9. <\/p><p> <\/p><h2>Biblioth\u00e8que de connaissances<\/h2><p> <\/p><p>Une collection de documents de recherche, d&#8217;articles et de rapports du centre de recherche et d&#8217;\u00e9tudes Emirates Scholar et d&#8217;institutions internationales, couvrant des sujets tels que.. :<\/p><p> <\/p><ul><li>La vision des dirigeants des \u00c9mirats arabes unis sur la tol\u00e9rance et la coexistence<\/li><li>La diversit\u00e9 culturelle et son impact sur la paix mondiale<\/li><li>\u00c9tudes de cas de soci\u00e9t\u00e9s multiculturelles prosp\u00e8res<\/li><\/ul><h2> <\/h2><h2>Moteur d&#8217;apprentissage bas\u00e9 sur l&#8217;IA<\/h2><p> <\/p><ol><li>Analyser les informations sur le leadership pour en tirer des enseignements pertinents<\/li><li>Recommandation de contenus personnalis\u00e9s en fonction de vos centres d&#8217;int\u00e9r\u00eat<\/li><li>Proposer des exercices interactifs qui renforcent les valeurs cl\u00e9s<\/li><\/ol><h2> <\/h2><h2>Recherche et aper\u00e7u des donn\u00e9es<\/h2><p> <\/p><ol><li>Tendances mondiales en mati\u00e8re de tol\u00e9rance et de diversit\u00e9<\/li><li>Des donn\u00e9es sur l&#8217;harmonie sociale et l&#8217;inclusion<\/li><li>Des strat\u00e9gies fond\u00e9es sur la recherche pour construire des communaut\u00e9s pacifiques<\/li><\/ol>\t\t\t\t\t\t\t\t<\/div>\n\t\t\t\t<\/div>\n\t\t\t\t<\/div>\n\t\t\t\t<\/div>\n\t\t\t\t<\/div>\n\t\t\t\t\t<\/div>\n\t\t\t\t<\/div>\n\t\t\t\t<\/div>\n\t\t","protected":false},"excerpt":{"rendered":"<p>La coexistence est la capacit\u00e9 de vivre ensemble en paix et en harmonie. Quote By Son Excellence le Cheikh Nahayan Mabarak Al Nahyan Membre du cabinet des \u00c9mirats arabes unis, ministre de la tol\u00e9rance et de la coexistence Our Resources Combinez l&#8217;apprentissage pilot\u00e9 par l&#8217;IA, les connaissances en mati\u00e8re de leadership et les \u00e9tudes de [&hellip;]<\/p>\n","protected":false},"author":1,"featured_media":0,"parent":0,"menu_order":0,"comment_status":"closed","ping_status":"closed","template":"elementor_header_footer","meta":{"_sitemap_exclude":false,"_sitemap_priority":"","_sitemap_frequency":"","footnotes":""},"class_list":["post-11168","page","type-page","status-publish","hentry"],"_links":{"self":[{"href":"https:\/\/uaecoexistence.ai\/index.php?rest_route=\/wp\/v2\/pages\/11168","targetHints":{"allow":["GET"]}}],"collection":[{"href":"https:\/\/uaecoexistence.ai\/index.php?rest_route=\/wp\/v2\/pages"}],"about":[{"href":"https:\/\/uaecoexistence.ai\/index.php?rest_route=\/wp\/v2\/types\/page"}],"author":[{"embeddable":true,"href":"https:\/\/uaecoexistence.ai\/index.php?rest_route=\/wp\/v2\/users\/1"}],"replies":[{"embeddable":true,"href":"https:\/\/uaecoexistence.ai\/index.php?rest_route=%2Fwp%2Fv2%2Fcomments&post=11168"}],"version-history":[{"count":0,"href":"https:\/\/uaecoexistence.ai\/index.php?rest_route=\/wp\/v2\/pages\/11168\/revisions"}],"wp:attachment":[{"href":"https:\/\/uaecoexistence.ai\/index.php?rest_route=%2Fwp%2Fv2%2Fmedia&parent=11168"}],"curies":[{"name":"wp","href":"https:\/\/api.w.org\/{rel}","templated":true}]}}