{"id":11280,"date":"2024-06-10T04:22:48","date_gmt":"2024-06-10T04:22:48","guid":{"rendered":"https:\/\/uaecoexistence.ai\/domande-frequenti\/"},"modified":"2025-03-05T21:17:06","modified_gmt":"2025-03-05T21:17:06","slug":"domande-frequenti","status":"publish","type":"page","link":"https:\/\/uaecoexistence.ai\/?page_id=11280&lang=it","title":{"rendered":"DOMANDE FREQUENTI"},"content":{"rendered":"\t\t<div data-elementor-type=\"wp-page\" data-elementor-id=\"11280\" class=\"elementor elementor-11280 elementor-2096\">\n\t\t\t\t<div class=\"elementor-element elementor-element-58d6b4a e-flex e-con-boxed e-con e-parent\" data-id=\"58d6b4a\" data-element_type=\"container\" data-e-type=\"container\" data-settings=\"{&quot;wcf_enable_cursor_hover_effect_text&quot;:&quot;View&quot;,&quot;wcf-animation&quot;:&quot;none&quot;}\">\n\t\t\t\t\t<div class=\"e-con-inner\">\n\t\t<div class=\"elementor-element elementor-element-c059fbb e-con-full e-flex e-con e-child\" data-id=\"c059fbb\" data-element_type=\"container\" data-e-type=\"container\" data-settings=\"{&quot;wcf_enable_cursor_hover_effect_text&quot;:&quot;View&quot;,&quot;wcf-animation&quot;:&quot;none&quot;}\">\n\t\t\t\t<div class=\"elementor-element elementor-element-cf29e0a elementor-widget__width-initial elementor-widget-mobile__width-inherit elementor-widget-mobile_extra__width-initial elementor-widget elementor-widget-wcf--button\" data-id=\"cf29e0a\" data-element_type=\"widget\" data-e-type=\"widget\" data-settings=\"{&quot;wcf-animation&quot;:&quot;fade&quot;,&quot;data-duration&quot;:0.75,&quot;fade-offset&quot;:40,&quot;delay&quot;:0.15,&quot;on-scroll&quot;:1,&quot;fade-from&quot;:&quot;bottom&quot;,&quot;ease&quot;:&quot;power2.out&quot;}\" data-widget_type=\"wcf--button.default\">\n\t\t\t\t<div class=\"elementor-widget-container\">\n\t\t\t\t\t        <div class=\"wcf__btn icon-position-after\">\r\n\t\t\t                <a href=\"#\" class=\"wcf-btn-default btn-hover-none\">\r\n\t\t\t\t\t<svg xmlns=\"http:\/\/www.w3.org\/2000\/svg\" width=\"14\" height=\"14\" viewBox=\"0 0 14 14\"><path d=\"M3.49146 0.25V1.5876H11.53L0.9375 12.683L1.83777 13.626L12.4303 2.53061V10.9508H13.7073V0.25H3.49146Z\"><\/path><\/svg>\t\t\t\t\tBuilding Tolerant Future and Define Coexistence                   <\/a>\r\n\t\t\t\t        <\/div>\r\n\t\t\t\t\t\t<\/div>\n\t\t\t\t<\/div>\n\t\t\t\t<\/div>\n\t\t<div class=\"elementor-element elementor-element-e0d203d e-con-full e-flex e-con e-child\" data-id=\"e0d203d\" data-element_type=\"container\" data-e-type=\"container\" data-settings=\"{&quot;wcf_enable_cursor_hover_effect_text&quot;:&quot;View&quot;,&quot;wcf-animation&quot;:&quot;none&quot;}\">\n\t\t\t\t<div class=\"elementor-element elementor-element-b4e8653 elementor-widget__width-initial elementor-widget-mobile__width-inherit wcf-t-animation-none elementor-widget elementor-widget-wcf--title\" data-id=\"b4e8653\" data-element_type=\"widget\" data-e-type=\"widget\" data-settings=\"{&quot;wcf-animation&quot;:&quot;fade&quot;,&quot;data-duration&quot;:0.75,&quot;fade-offset&quot;:40,&quot;wcf_text_animation&quot;:&quot;none&quot;,&quot;delay&quot;:0.15,&quot;fade-from&quot;:&quot;bottom&quot;,&quot;ease&quot;:&quot;power2.out&quot;}\" data-widget_type=\"wcf--title.default\">\n\t\t\t\t<div class=\"elementor-widget-container\">\n\t\t\t\t\t<h1 class=\"wcf--title\">Frequently asked question!<\/h1>\t\t\t\t<\/div>\n\t\t\t\t<\/div>\n\t\t\t\t<div class=\"elementor-element elementor-element-dc607ea elementor-widget__width-initial elementor-widget elementor-widget-accordion\" data-id=\"dc607ea\" data-element_type=\"widget\" data-e-type=\"widget\" data-settings=\"{&quot;wcf-animation&quot;:&quot;fade&quot;,&quot;delay&quot;:0.45,&quot;data-duration&quot;:0.75,&quot;fade-offset&quot;:40,&quot;fade-from&quot;:&quot;bottom&quot;,&quot;ease&quot;:&quot;power2.out&quot;}\" data-widget_type=\"accordion.skin-wcf-accordion\">\n\t\t\t\t<div class=\"elementor-widget-container\">\n\t\t\t\t\t        <style>\r\n            .wcf--inner--accrodion--body {\r\n                gap: 60px;\r\n                display: -webkit-box;\r\n                display: -ms-flexbox;\r\n                display: flex;\r\n                padding: 0;\r\n                padding-top: 10px;\r\n                padding-bottom: 25px;\r\n            }\r\n\r\n            .elementor-accordion-item {\r\n                overflow: hidden;\r\n                position: relative;\r\n            }\r\n\r\n\r\n        <\/style>\r\n        <div class=\"elementor-accordion\" data-active=\"yes\">\r\n\t\t\t            <div class=\"elementor-accordion-item\">\r\n                <div id=\"elementor-tab-title-2311\" class=\"elementor-tab-title\" data-active=\"yes\" data-indexkey=\"dc607ea_0\"                >\r\n\t\t\t\t                    <span class=\"elementor-accordion-icon elementor-accordion-icon-right\"\r\n                          aria-hidden=\"true\">\r\n\t\t\t\t\t\t\t                                <span class=\"elementor-accordion-icon-closed\"><i class=\"arolax-theme arolax-wcf-icon icon-wcf-wcf-plus\"><\/i><\/span>\r\n                                <span class=\"elementor-accordion-icon-opened\"><i class=\"binox-theme wcftheme-wcf-icon icon-wcf-minus\"><\/i><\/span>\r\n\t\t\t\t\t\t\t\t\t\t\t\t\t\t<\/span>\r\n\t\t\t\t                <div class=\"elementor-accordion-title\" tabindex=\"0\">\r\n\t\t\t\t\t                        <span class=\"elementor-accordion-title-icon\"><\/span>\r\n\t\t\t\t\t\t\t\t\t\tCos'\u00e8 la piattaforma AI UAE Coexistence?\t\t\t\t\t                <\/div>\r\n            <\/div>\r\n            <div id=\"elementor-tab-content-2311\" class=\"elementor-tab-content elementor-clearfix\" data-active=\"yes\" data-indexkey=\"dc607ea_0\">\r\n                <div class=\"wcf--inner--accrodion--body\">\r\n\t\t\t\t\t                    <div class=\"wcf--content\"><p>La UAE Coexistence AI Platform \u00e8 un'iniziativa digitale che sfrutta l'intelligenza artificiale per promuovere l'armonia, la tolleranza e la comprensione interculturale all'interno degli EAU e non solo. Costruito e sviluppato dall'Emirates Scholar Center for Research &amp; Studies in collaborazione con il Ministero della Tolleranza e della Coesistenza e con la Biblioteca e gli Archivi Nazionali degli Emirati Arabi Uniti.<\/p>\n<\/div>\r\n                <\/div>\r\n            <\/div>\r\n        <\/div>\r\n\t            <div class=\"elementor-accordion-item\">\r\n                <div id=\"elementor-tab-title-2312\" class=\"elementor-tab-title\" data-active=\"\" data-indexkey=\"dc607ea_1\"                >\r\n\t\t\t\t                    <span class=\"elementor-accordion-icon elementor-accordion-icon-right\"\r\n                          aria-hidden=\"true\">\r\n\t\t\t\t\t\t\t                                <span class=\"elementor-accordion-icon-closed\"><i class=\"arolax-theme arolax-wcf-icon icon-wcf-wcf-plus\"><\/i><\/span>\r\n                                <span class=\"elementor-accordion-icon-opened\"><i class=\"binox-theme wcftheme-wcf-icon icon-wcf-minus\"><\/i><\/span>\r\n\t\t\t\t\t\t\t\t\t\t\t\t\t\t<\/span>\r\n\t\t\t\t                <div class=\"elementor-accordion-title\" tabindex=\"0\">\r\n\t\t\t\t\t                        <span class=\"elementor-accordion-title-icon\"><\/span>\r\n\t\t\t\t\t\t\t\t\t\tIn che modo la piattaforma AI promuove la coesistenza?\t\t\t\t\t                <\/div>\r\n            <\/div>\r\n            <div id=\"elementor-tab-content-2312\" class=\"elementor-tab-content elementor-clearfix\" data-active=\"\" data-indexkey=\"dc607ea_1\">\r\n                <div class=\"wcf--inner--accrodion--body\">\r\n\t\t\t\t\t                    <div class=\"wcf--content\"><p>La piattaforma utilizza strumenti basati sull'intelligenza artificiale per analizzare le tendenze sociali, facilitare i dialoghi significativi, fornire contenuti educativi e incoraggiare un discorso rispettoso tra le diverse comunit\u00e0, pienamente integrato nelle visioni e nelle citazioni dei leader degli Emirati Arabi Uniti.<\/p>\n<\/div>\r\n                <\/div>\r\n            <\/div>\r\n        <\/div>\r\n\t            <div class=\"elementor-accordion-item\">\r\n                <div id=\"elementor-tab-title-2313\" class=\"elementor-tab-title\" data-active=\"\" data-indexkey=\"dc607ea_2\"                >\r\n\t\t\t\t                    <span class=\"elementor-accordion-icon elementor-accordion-icon-right\"\r\n                          aria-hidden=\"true\">\r\n\t\t\t\t\t\t\t                                <span class=\"elementor-accordion-icon-closed\"><i class=\"arolax-theme arolax-wcf-icon icon-wcf-wcf-plus\"><\/i><\/span>\r\n                                <span class=\"elementor-accordion-icon-opened\"><i class=\"binox-theme wcftheme-wcf-icon icon-wcf-minus\"><\/i><\/span>\r\n\t\t\t\t\t\t\t\t\t\t\t\t\t\t<\/span>\r\n\t\t\t\t                <div class=\"elementor-accordion-title\" tabindex=\"0\">\r\n\t\t\t\t\t                        <span class=\"elementor-accordion-title-icon\"><\/span>\r\n\t\t\t\t\t\t\t\t\t\tChi pu\u00f2 utilizzare la piattaforma?\t\t\t\t\t                <\/div>\r\n            <\/div>\r\n            <div id=\"elementor-tab-content-2313\" class=\"elementor-tab-content elementor-clearfix\" data-active=\"\" data-indexkey=\"dc607ea_2\">\r\n                <div class=\"wcf--inner--accrodion--body\">\r\n\t\t\t\t\t                    <div class=\"wcf--content\"><p>La piattaforma \u00e8 aperta a individui, organizzazioni, educatori, politici e leader di comunit\u00e0 interessati a promuovere la coesistenza e la tolleranza.<\/p>\n<\/div>\r\n                <\/div>\r\n            <\/div>\r\n        <\/div>\r\n\t            <div class=\"elementor-accordion-item\">\r\n                <div id=\"elementor-tab-title-2314\" class=\"elementor-tab-title\" data-active=\"\" data-indexkey=\"dc607ea_3\"                >\r\n\t\t\t\t                    <span class=\"elementor-accordion-icon elementor-accordion-icon-right\"\r\n                          aria-hidden=\"true\">\r\n\t\t\t\t\t\t\t                                <span class=\"elementor-accordion-icon-closed\"><i class=\"arolax-theme arolax-wcf-icon icon-wcf-wcf-plus\"><\/i><\/span>\r\n                                <span class=\"elementor-accordion-icon-opened\"><i class=\"binox-theme wcftheme-wcf-icon icon-wcf-minus\"><\/i><\/span>\r\n\t\t\t\t\t\t\t\t\t\t\t\t\t\t<\/span>\r\n\t\t\t\t                <div class=\"elementor-accordion-title\" tabindex=\"0\">\r\n\t\t\t\t\t                        <span class=\"elementor-accordion-title-icon\"><\/span>\r\n\t\t\t\t\t\t\t\t\t\tLa piattaforma \u00e8 disponibile in pi\u00f9 lingue?\t\t\t\t\t                <\/div>\r\n            <\/div>\r\n            <div id=\"elementor-tab-content-2314\" class=\"elementor-tab-content elementor-clearfix\" data-active=\"\" data-indexkey=\"dc607ea_3\">\r\n                <div class=\"wcf--inner--accrodion--body\">\r\n\t\t\t\t\t                    <div class=\"wcf--content\"><p>S\u00ec, la piattaforma supporta pi\u00f9 lingue, tra cui l'arabo e l'inglese, per garantire l'accessibilit\u00e0 a un pubblico eterogeneo.<\/p>\n<\/div>\r\n                <\/div>\r\n            <\/div>\r\n        <\/div>\r\n\t            <div class=\"elementor-accordion-item\">\r\n                <div id=\"elementor-tab-title-2315\" class=\"elementor-tab-title\" data-active=\"\" data-indexkey=\"dc607ea_4\"                >\r\n\t\t\t\t                    <span class=\"elementor-accordion-icon elementor-accordion-icon-right\"\r\n                          aria-hidden=\"true\">\r\n\t\t\t\t\t\t\t                                <span class=\"elementor-accordion-icon-closed\"><i class=\"arolax-theme arolax-wcf-icon icon-wcf-wcf-plus\"><\/i><\/span>\r\n                                <span class=\"elementor-accordion-icon-opened\"><i class=\"binox-theme wcftheme-wcf-icon icon-wcf-minus\"><\/i><\/span>\r\n\t\t\t\t\t\t\t\t\t\t\t\t\t\t<\/span>\r\n\t\t\t\t                <div class=\"elementor-accordion-title\" tabindex=\"0\">\r\n\t\t\t\t\t                        <span class=\"elementor-accordion-title-icon\"><\/span>\r\n\t\t\t\t\t\t\t\t\t\tLa piattaforma \u00e8 disponibile in pi\u00f9 lingue?\t\t\t\t\t                <\/div>\r\n            <\/div>\r\n            <div id=\"elementor-tab-content-2315\" class=\"elementor-tab-content elementor-clearfix\" data-active=\"\" data-indexkey=\"dc607ea_4\">\r\n                <div class=\"wcf--inner--accrodion--body\">\r\n\t\t\t\t\t                    <div class=\"wcf--content\"><p>S\u00ec, la piattaforma supporta pi\u00f9 lingue, tra cui l'arabo e l'inglese, per garantire l'accessibilit\u00e0 a un pubblico eterogeneo.<\/p>\n<\/div>\r\n                <\/div>\r\n            <\/div>\r\n        <\/div>\r\n\t            <div class=\"elementor-accordion-item\">\r\n                <div id=\"elementor-tab-title-2316\" class=\"elementor-tab-title\" data-active=\"\" data-indexkey=\"dc607ea_5\"                >\r\n\t\t\t\t                    <span class=\"elementor-accordion-icon elementor-accordion-icon-right\"\r\n                          aria-hidden=\"true\">\r\n\t\t\t\t\t\t\t                                <span class=\"elementor-accordion-icon-closed\"><i class=\"arolax-theme arolax-wcf-icon icon-wcf-wcf-plus\"><\/i><\/span>\r\n                                <span class=\"elementor-accordion-icon-opened\"><i class=\"binox-theme wcftheme-wcf-icon icon-wcf-minus\"><\/i><\/span>\r\n\t\t\t\t\t\t\t\t\t\t\t\t\t\t<\/span>\r\n\t\t\t\t                <div class=\"elementor-accordion-title\" tabindex=\"0\">\r\n\t\t\t\t\t                        <span class=\"elementor-accordion-title-icon\"><\/span>\r\n\t\t\t\t\t\t\t\t\t\tCome posso partecipare alle discussioni o contribuire ai contenuti?\t\t\t\t\t                <\/div>\r\n            <\/div>\r\n            <div id=\"elementor-tab-content-2316\" class=\"elementor-tab-content elementor-clearfix\" data-active=\"\" data-indexkey=\"dc607ea_5\">\r\n                <div class=\"wcf--inner--accrodion--body\">\r\n\t\t\t\t\t                    <div class=\"wcf--content\"><p>Gli utenti possono partecipare a discussioni moderate dall'intelligenza artificiale, condividere le loro esperienze e contribuire con articoli o ricerche in linea con i valori di coesistenza e tolleranza.<\/p>\n<\/div>\r\n                <\/div>\r\n            <\/div>\r\n        <\/div>\r\n\t            <div class=\"elementor-accordion-item\">\r\n                <div id=\"elementor-tab-title-2317\" class=\"elementor-tab-title\" data-active=\"\" data-indexkey=\"dc607ea_6\"                >\r\n\t\t\t\t                    <span class=\"elementor-accordion-icon elementor-accordion-icon-right\"\r\n                          aria-hidden=\"true\">\r\n\t\t\t\t\t\t\t                                <span class=\"elementor-accordion-icon-closed\"><i class=\"arolax-theme arolax-wcf-icon icon-wcf-wcf-plus\"><\/i><\/span>\r\n                                <span class=\"elementor-accordion-icon-opened\"><i class=\"binox-theme wcftheme-wcf-icon icon-wcf-minus\"><\/i><\/span>\r\n\t\t\t\t\t\t\t\t\t\t\t\t\t\t<\/span>\r\n\t\t\t\t                <div class=\"elementor-accordion-title\" tabindex=\"0\">\r\n\t\t\t\t\t                        <span class=\"elementor-accordion-title-icon\"><\/span>\r\n\t\t\t\t\t\t\t\t\t\tChe ruolo ha l'intelligenza artificiale nel promuovere l'armonia sulla piattaforma?\t\t\t\t\t                <\/div>\r\n            <\/div>\r\n            <div id=\"elementor-tab-content-2317\" class=\"elementor-tab-content elementor-clearfix\" data-active=\"\" data-indexkey=\"dc607ea_6\">\r\n                <div class=\"wcf--inner--accrodion--body\">\r\n\t\t\t\t\t                    <div class=\"wcf--content\"><p>L'intelligenza artificiale viene utilizzata per la moderazione dei contenuti, l'analisi del sentiment e le raccomandazioni personalizzate per garantire discussioni rispettose e produttive.<\/p>\n<\/div>\r\n                <\/div>\r\n            <\/div>\r\n        <\/div>\r\n\t            <div class=\"elementor-accordion-item\">\r\n                <div id=\"elementor-tab-title-2318\" class=\"elementor-tab-title\" data-active=\"\" data-indexkey=\"dc607ea_7\"                >\r\n\t\t\t\t                    <span class=\"elementor-accordion-icon elementor-accordion-icon-right\"\r\n                          aria-hidden=\"true\">\r\n\t\t\t\t\t\t\t                                <span class=\"elementor-accordion-icon-closed\"><i class=\"arolax-theme arolax-wcf-icon icon-wcf-wcf-plus\"><\/i><\/span>\r\n                                <span class=\"elementor-accordion-icon-opened\"><i class=\"binox-theme wcftheme-wcf-icon icon-wcf-minus\"><\/i><\/span>\r\n\t\t\t\t\t\t\t\t\t\t\t\t\t\t<\/span>\r\n\t\t\t\t                <div class=\"elementor-accordion-title\" tabindex=\"0\">\r\n\t\t\t\t\t                        <span class=\"elementor-accordion-title-icon\"><\/span>\r\n\t\t\t\t\t\t\t\t\t\tI miei dati sono al sicuro sulla piattaforma?\t\t\t\t\t                <\/div>\r\n            <\/div>\r\n            <div id=\"elementor-tab-content-2318\" class=\"elementor-tab-content elementor-clearfix\" data-active=\"\" data-indexkey=\"dc607ea_7\">\r\n                <div class=\"wcf--inner--accrodion--body\">\r\n\t\t\t\t\t                    <div class=\"wcf--content\"><p>S\u00ec, la piattaforma segue rigorose politiche di privacy e sicurezza dei dati per proteggere le informazioni degli utenti e garantire un ambiente online sicuro.<\/p>\n<\/div>\r\n                <\/div>\r\n            <\/div>\r\n        <\/div>\r\n\t            <div class=\"elementor-accordion-item\">\r\n                <div id=\"elementor-tab-title-2319\" class=\"elementor-tab-title\" data-active=\"\" data-indexkey=\"dc607ea_8\"                >\r\n\t\t\t\t                    <span class=\"elementor-accordion-icon elementor-accordion-icon-right\"\r\n                          aria-hidden=\"true\">\r\n\t\t\t\t\t\t\t                                <span class=\"elementor-accordion-icon-closed\"><i class=\"arolax-theme arolax-wcf-icon icon-wcf-wcf-plus\"><\/i><\/span>\r\n                                <span class=\"elementor-accordion-icon-opened\"><i class=\"binox-theme wcftheme-wcf-icon icon-wcf-minus\"><\/i><\/span>\r\n\t\t\t\t\t\t\t\t\t\t\t\t\t\t<\/span>\r\n\t\t\t\t                <div class=\"elementor-accordion-title\" tabindex=\"0\">\r\n\t\t\t\t\t                        <span class=\"elementor-accordion-title-icon\"><\/span>\r\n\t\t\t\t\t\t\t\t\t\tCi sono risorse educative disponibili sulla piattaforma?\t\t\t\t\t                <\/div>\r\n            <\/div>\r\n            <div id=\"elementor-tab-content-2319\" class=\"elementor-tab-content elementor-clearfix\" data-active=\"\" data-indexkey=\"dc607ea_8\">\r\n                <div class=\"wcf--inner--accrodion--body\">\r\n\t\t\t\t\t                    <div class=\"wcf--content\"><p>S\u00ec, la piattaforma offre corsi, articoli e strumenti interattivi incentrati sulla diversit\u00e0, l'inclusione e la coesistenza pacifica.<\/p>\n<\/div>\r\n                <\/div>\r\n            <\/div>\r\n        <\/div>\r\n\t            <div class=\"elementor-accordion-item\">\r\n                <div id=\"elementor-tab-title-23110\" class=\"elementor-tab-title\" data-active=\"\" data-indexkey=\"dc607ea_9\"                >\r\n\t\t\t\t                    <span class=\"elementor-accordion-icon elementor-accordion-icon-right\"\r\n                          aria-hidden=\"true\">\r\n\t\t\t\t\t\t\t                                <span class=\"elementor-accordion-icon-closed\"><i class=\"arolax-theme arolax-wcf-icon icon-wcf-wcf-plus\"><\/i><\/span>\r\n                                <span class=\"elementor-accordion-icon-opened\"><i class=\"binox-theme wcftheme-wcf-icon icon-wcf-minus\"><\/i><\/span>\r\n\t\t\t\t\t\t\t\t\t\t\t\t\t\t<\/span>\r\n\t\t\t\t                <div class=\"elementor-accordion-title\" tabindex=\"0\">\r\n\t\t\t\t\t                        <span class=\"elementor-accordion-title-icon\"><\/span>\r\n\t\t\t\t\t\t\t\t\t\tIn che modo le organizzazioni possono collaborare con la piattaforma UAE Coexistence AI?\t\t\t\t\t                <\/div>\r\n            <\/div>\r\n            <div id=\"elementor-tab-content-23110\" class=\"elementor-tab-content elementor-clearfix\" data-active=\"\" data-indexkey=\"dc607ea_9\">\r\n                <div class=\"wcf--inner--accrodion--body\">\r\n\t\t\t\t\t                    <div class=\"wcf--content\"><p>Le organizzazioni possono collaborare con la piattaforma attraverso iniziative congiunte, sponsorizzazioni e collaborazioni di ricerca che promuovono la tolleranza e l'unit\u00e0.<\/p>\n<\/div>\r\n                <\/div>\r\n            <\/div>\r\n        <\/div>\r\n\t            <div class=\"elementor-accordion-item\">\r\n                <div id=\"elementor-tab-title-23111\" class=\"elementor-tab-title\" data-active=\"\" data-indexkey=\"dc607ea_10\"                >\r\n\t\t\t\t                    <span class=\"elementor-accordion-icon elementor-accordion-icon-right\"\r\n                          aria-hidden=\"true\">\r\n\t\t\t\t\t\t\t                                <span class=\"elementor-accordion-icon-closed\"><i class=\"arolax-theme arolax-wcf-icon icon-wcf-wcf-plus\"><\/i><\/span>\r\n                                <span class=\"elementor-accordion-icon-opened\"><i class=\"binox-theme wcftheme-wcf-icon icon-wcf-minus\"><\/i><\/span>\r\n\t\t\t\t\t\t\t\t\t\t\t\t\t\t<\/span>\r\n\t\t\t\t                <div class=\"elementor-accordion-title\" tabindex=\"0\">\r\n\t\t\t\t\t                        <span class=\"elementor-accordion-title-icon\"><\/span>\r\n\t\t\t\t\t\t\t\t\t\tCome posso contattare l'assistenza in caso di domande o problemi?\t\t\t\t\t                <\/div>\r\n            <\/div>\r\n            <div id=\"elementor-tab-content-23111\" class=\"elementor-tab-content elementor-clearfix\" data-active=\"\" data-indexkey=\"dc607ea_10\">\r\n                <div class=\"wcf--inner--accrodion--body\">\r\n\t\t\t\t\t                    <div class=\"wcf--content\"><p>Puoi contattare il nostro team di supporto attraverso la pagina di contatto sul sito web o via e-mail per qualsiasi richiesta o assistenza tecnica.<\/p>\n<\/div>\r\n                <\/div>\r\n            <\/div>\r\n        <\/div>\r\n\t\t\t        <\/div>\r\n\t\t\t\t\t\t<\/div>\n\t\t\t\t<\/div>\n\t\t\t\t<\/div>\n\t\t\t\t\t<\/div>\n\t\t\t\t<\/div>\n\t\t\t\t<\/div>\n\t\t","protected":false},"excerpt":{"rendered":"<p>Building Tolerant Future and Define Coexistence Frequently asked question! Cos&#8217;\u00e8 la piattaforma AI UAE Coexistence? La UAE Coexistence AI Platform \u00e8 un&#8217;iniziativa digitale che sfrutta l&#8217;intelligenza artificiale per promuovere l&#8217;armonia, la tolleranza e la comprensione interculturale all&#8217;interno degli EAU e non solo. Costruito e sviluppato dall&#8217;Emirates Scholar Center for Research &amp; Studies in collaborazione con [&hellip;]<\/p>\n","protected":false},"author":1,"featured_media":0,"parent":0,"menu_order":0,"comment_status":"closed","ping_status":"closed","template":"elementor_header_footer","meta":{"_sitemap_exclude":false,"_sitemap_priority":"","_sitemap_frequency":"","footnotes":""},"class_list":["post-11280","page","type-page","status-publish","hentry"],"_links":{"self":[{"href":"https:\/\/uaecoexistence.ai\/index.php?rest_route=\/wp\/v2\/pages\/11280","targetHints":{"allow":["GET"]}}],"collection":[{"href":"https:\/\/uaecoexistence.ai\/index.php?rest_route=\/wp\/v2\/pages"}],"about":[{"href":"https:\/\/uaecoexistence.ai\/index.php?rest_route=\/wp\/v2\/types\/page"}],"author":[{"embeddable":true,"href":"https:\/\/uaecoexistence.ai\/index.php?rest_route=\/wp\/v2\/users\/1"}],"replies":[{"embeddable":true,"href":"https:\/\/uaecoexistence.ai\/index.php?rest_route=%2Fwp%2Fv2%2Fcomments&post=11280"}],"version-history":[{"count":0,"href":"https:\/\/uaecoexistence.ai\/index.php?rest_route=\/wp\/v2\/pages\/11280\/revisions"}],"wp:attachment":[{"href":"https:\/\/uaecoexistence.ai\/index.php?rest_route=%2Fwp%2Fv2%2Fmedia&parent=11280"}],"curies":[{"name":"wp","href":"https:\/\/api.w.org\/{rel}","templated":true}]}}